{"id":61,"date":"2023-08-16T13:00:52","date_gmt":"2023-08-16T16:00:52","guid":{"rendered":"https:\/\/juslawyer.com.br\/?page_id=61"},"modified":"2023-08-16T13:15:11","modified_gmt":"2023-08-16T16:15:11","slug":"home","status":"publish","type":"page","link":"https:\/\/juslawyer.com.br\/","title":{"rendered":"Home"},"content":{"rendered":"\n<div class=\"wp-block-cover alignfull is-light hestia-clear-top-padding has-black-color has-text-color\"><span aria-hidden=\"true\" class=\"wp-block-cover__background has-white-background-color has-background-dim-100 has-background-dim\"><\/span><div class=\"wp-block-cover__inner-container is-layout-flow wp-block-cover-is-layout-flow\">\n<h1 class=\"wp-block-heading has-text-align-center has-text-color\" style=\"color:#3c4858\">Seu abrangente assistente jur\u00eddico on-line<\/h1>\n\n\n\n<p class=\"has-text-align-center has-black-color has-white-background-color has-text-color has-background\" style=\"font-size:16px\">O JusLawyer \u00e9 um recurso on-line completo para estudantes e profissionais do direito. <br>Com um ChatBot interativo, fornecemos jurisprud\u00eancias atualizadas, materiais de pesquisa, modelos de peti\u00e7\u00e3o personaliz\u00e1veis e muito mais. <br>Al\u00e9m disso, \u00e9 uma \u00f3tima plataforma para publicar artigos cient\u00edficos, participar de debates jur\u00eddicos<br>e ficar a par das not\u00edcias mais relevantes do dia.<\/p>\n\n\n\n<div style=\"height:40px\" aria-hidden=\"true\" class=\"wp-block-spacer\"><\/div>\n\n\n\n<div class=\"wp-block-columns container is-layout-flex wp-container-3 wp-block-columns-is-layout-flex\">\n<div class=\"wp-block-column is-layout-flow wp-block-column-is-layout-flow\"><div class=\"wp-block-image is-style-rounded\">\n<figure class=\"aligncenter size-large is-resized\"><img decoding=\"async\" loading=\"lazy\" src=\"https:\/\/juslawyer.com.br\/wp-content\/uploads\/2023\/08\/imegem-02-768x1024.jpg\" alt=\"\" class=\"wp-image-89\" style=\"width:209px;height:278px\" width=\"209\" height=\"278\" srcset=\"https:\/\/juslawyer.com.br\/wp-content\/uploads\/2023\/08\/imegem-02-768x1024.jpg 768w, https:\/\/juslawyer.com.br\/wp-content\/uploads\/2023\/08\/imegem-02-225x300.jpg 225w, https:\/\/juslawyer.com.br\/wp-content\/uploads\/2023\/08\/imegem-02-1152x1536.jpg 1152w, https:\/\/juslawyer.com.br\/wp-content\/uploads\/2023\/08\/imegem-02-1536x2048.jpg 1536w, https:\/\/juslawyer.com.br\/wp-content\/uploads\/2023\/08\/imegem-02-scaled.jpg 1920w\" sizes=\"(max-width: 209px) 100vw, 209px\" \/><\/figure><\/div>\n\n\n<h2 class=\"wp-block-heading has-text-align-center has-text-color\" style=\"color:#3c4858;font-size:18px\"> Pesquisa jur\u00eddica com IA<\/h2>\n\n\n\n<p class=\"has-text-align-center has-black-color has-text-color\" style=\"font-size:14px\">Aproveite o poder da IA para alimentar seu estudo de jurisprud\u00eancia. Nosso exclusivo ChatBot n\u00e3o apenas o mant\u00e9m atualizado com as jurisprud\u00eancias mais recentes, mas tamb\u00e9m fornece modelos de peti\u00e7\u00e3o personaliz\u00e1veis e ferramentas de pesquisa pertinentes. Fique na vanguarda do mundo jur\u00eddico com o JusLawyer.<\/p>\n\n\n\n<div style=\"height:25px\" aria-hidden=\"true\" class=\"wp-block-spacer\"><\/div>\n<\/div>\n\n\n\n<div class=\"wp-block-column is-layout-flow wp-block-column-is-layout-flow\"><div class=\"wp-block-image is-style-rounded\">\n<figure class=\"aligncenter size-large is-resized\"><img decoding=\"async\" loading=\"lazy\" src=\"https:\/\/juslawyer.com.br\/wp-content\/uploads\/2023\/08\/imgewm-01-1-787x1024.jpg\" alt=\"\" class=\"wp-image-88\" style=\"width:228px;height:297px\" width=\"228\" height=\"297\" srcset=\"https:\/\/juslawyer.com.br\/wp-content\/uploads\/2023\/08\/imgewm-01-1-787x1024.jpg 787w, https:\/\/juslawyer.com.br\/wp-content\/uploads\/2023\/08\/imgewm-01-1-231x300.jpg 231w, https:\/\/juslawyer.com.br\/wp-content\/uploads\/2023\/08\/imgewm-01-1-768x999.jpg 768w, https:\/\/juslawyer.com.br\/wp-content\/uploads\/2023\/08\/imgewm-01-1-1181x1536.jpg 1181w, https:\/\/juslawyer.com.br\/wp-content\/uploads\/2023\/08\/imgewm-01-1-1574x2048.jpg 1574w, https:\/\/juslawyer.com.br\/wp-content\/uploads\/2023\/08\/imgewm-01-1-scaled.jpg 1968w\" sizes=\"(max-width: 228px) 100vw, 228px\" \/><\/figure><\/div>\n\n\n<h2 class=\"wp-block-heading has-text-align-center has-text-color\" style=\"color:#3c4858;font-size:18px\">Mantenha-se informado e pronto para agir<\/h2>\n\n\n\n<p class=\"has-text-align-center has-black-color has-text-color\" style=\"font-size:14px\">Conhecimento \u00e9 poder, especialmente no mundo jur\u00eddico em ritmo acelerado. Com o JusLawyer, voc\u00ea n\u00e3o s\u00f3 encontra jurisprud\u00eancia atualizada e modelos de peti\u00e7\u00e3o prontos para personalizar, mas tamb\u00e9m tem acesso a uma grande variedade de artigos jur\u00eddicos e not\u00edcias atuais. Fique \u00e0 frente da curva com o JusLawyer.<\/p>\n\n\n\n<div style=\"height:25px\" aria-hidden=\"true\" class=\"wp-block-spacer\"><\/div>\n<\/div>\n<\/div>\n\n\n\n<div style=\"height:40px\" aria-hidden=\"true\" class=\"wp-block-spacer\"><\/div>\n<\/div><\/div>\n\n\n\n<div class=\"wp-block-columns container is-layout-flex wp-container-7 wp-block-columns-is-layout-flex\">\n<div class=\"wp-block-column col-md-5 is-layout-flow wp-block-column-is-layout-flow\"><\/div>\n\n\n\n<div class=\"wp-block-column col-md-6 col-md-offset1 is-layout-flow wp-block-column-is-layout-flow\">\n<div style=\"height:55px\" aria-hidden=\"true\" class=\"wp-block-spacer\"><\/div>\n<\/div>\n<\/div>\n","protected":false},"excerpt":{"rendered":"","protected":false},"author":1,"featured_media":70,"parent":0,"menu_order":0,"comment_status":"open","ping_status":"closed","template":"","meta":{"om_disable_all_campaigns":false,"_monsterinsights_skip_tracking":false,"_monsterinsights_sitenote_active":false,"_monsterinsights_sitenote_note":"","_monsterinsights_sitenote_category":0,"footnotes":""},"aioseo_notices":[],"_links":{"self":[{"href":"https:\/\/juslawyer.com.br\/index.php?rest_route=\/wp\/v2\/pages\/61"}],"collection":[{"href":"https:\/\/juslawyer.com.br\/index.php?rest_route=\/wp\/v2\/pages"}],"about":[{"href":"https:\/\/juslawyer.com.br\/index.php?rest_route=\/wp\/v2\/types\/page"}],"author":[{"embeddable":true,"href":"https:\/\/juslawyer.com.br\/index.php?rest_route=\/wp\/v2\/users\/1"}],"replies":[{"embeddable":true,"href":"https:\/\/juslawyer.com.br\/index.php?rest_route=%2Fwp%2Fv2%2Fcomments&post=61"}],"version-history":[{"count":7,"href":"https:\/\/juslawyer.com.br\/index.php?rest_route=\/wp\/v2\/pages\/61\/revisions"}],"predecessor-version":[{"id":98,"href":"https:\/\/juslawyer.com.br\/index.php?rest_route=\/wp\/v2\/pages\/61\/revisions\/98"}],"wp:featuredmedia":[{"embeddable":true,"href":"https:\/\/juslawyer.com.br\/index.php?rest_route=\/wp\/v2\/media\/70"}],"wp:attachment":[{"href":"https:\/\/juslawyer.com.br\/index.php?rest_route=%2Fwp%2Fv2%2Fmedia&parent=61"}],"curies":[{"name":"wp","href":"https:\/\/api.w.org\/{rel}","templated":true}]}}