{"id":109,"date":"2023-08-16T14:37:07","date_gmt":"2023-08-16T17:37:07","guid":{"rendered":"https:\/\/juslawyer.com.br\/?page_id=109"},"modified":"2023-08-16T14:37:08","modified_gmt":"2023-08-16T17:37:08","slug":"assinante","status":"publish","type":"page","link":"https:\/\/juslawyer.com.br\/?page_id=109","title":{"rendered":"Assinante"},"content":{"rendered":"<div class=\"rsc_message\">Voc\u00ea n\u00e3o precisa de permiss\u00f5es para visualizar este conte\u00fado.<\/div>","protected":false},"excerpt":{"rendered":"<p>Voc\u00ea n\u00e3o precisa de permiss\u00f5es para visualizar este conte\u00fado.<\/p>\n","protected":false},"author":1,"featured_media":0,"parent":0,"menu_order":0,"comment_status":"closed","ping_status":"closed","template":"","meta":{"om_disable_all_campaigns":false,"_monsterinsights_skip_tracking":false,"_monsterinsights_sitenote_active":false,"_monsterinsights_sitenote_note":"","_monsterinsights_sitenote_category":0,"footnotes":""},"aioseo_notices":[],"_links":{"self":[{"href":"https:\/\/juslawyer.com.br\/index.php?rest_route=\/wp\/v2\/pages\/109"}],"collection":[{"href":"https:\/\/juslawyer.com.br\/index.php?rest_route=\/wp\/v2\/pages"}],"about":[{"href":"https:\/\/juslawyer.com.br\/index.php?rest_route=\/wp\/v2\/types\/page"}],"author":[{"embeddable":true,"href":"https:\/\/juslawyer.com.br\/index.php?rest_route=\/wp\/v2\/users\/1"}],"replies":[{"embeddable":true,"href":"https:\/\/juslawyer.com.br\/index.php?rest_route=%2Fwp%2Fv2%2Fcomments&post=109"}],"version-history":[{"count":2,"href":"https:\/\/juslawyer.com.br\/index.php?rest_route=\/wp\/v2\/pages\/109\/revisions"}],"predecessor-version":[{"id":113,"href":"https:\/\/juslawyer.com.br\/index.php?rest_route=\/wp\/v2\/pages\/109\/revisions\/113"}],"wp:attachment":[{"href":"https:\/\/juslawyer.com.br\/index.php?rest_route=%2Fwp%2Fv2%2Fmedia&parent=109"}],"curies":[{"name":"wp","href":"https:\/\/api.w.org\/{rel}","templated":true}]}}